{"id":669,"date":"2023-12-07T11:55:58","date_gmt":"2023-12-07T10:55:58","guid":{"rendered":"https:\/\/ginseng.com.hr\/?post_type=product&#038;p=669"},"modified":"2026-02-07T17:05:57","modified_gmt":"2026-02-07T16:05:57","slug":"ekstrakt-crvenog-korejskog-ginsenga","status":"publish","type":"product","link":"https:\/\/ginseng.com.hr\/en\/product\/ekstrakt-crvenog-korejskog-ginsenga\/","title":{"rendered":"Korean red ginseng extract"},"content":{"rendered":"<p>[et_pb_section fb_built=&#8221;1&#8243; _builder_version=&#8221;4.16&#8243; custom_padding=&#8221;0px||||false|false&#8221; global_colors_info=&#8221;{}&#8221;][et_pb_row _builder_version=&#8221;4.16&#8243; background_size=&#8221;initial&#8221; background_position=&#8221;top_left&#8221; background_repeat=&#8221;repeat&#8221; width=&#8221;100%&#8221; custom_padding=&#8221;0px||0px||false|false&#8221; global_colors_info=&#8221;{}&#8221;][et_pb_column type=&#8221;4_4&#8243; _builder_version=&#8221;4.16&#8243; custom_padding=&#8221;|||&#8221; global_colors_info=&#8221;{}&#8221; custom_padding__hover=&#8221;|||&#8221;][et_pb_wc_breadcrumb _builder_version=&#8221;4.16&#8243; global_colors_info=&#8221;{}&#8221;][\/et_pb_wc_breadcrumb][et_pb_wc_cart_notice _builder_version=&#8221;4.16&#8243; global_colors_info=&#8221;{}&#8221;][\/et_pb_wc_cart_notice][\/et_pb_column][\/et_pb_row][et_pb_row column_structure=&#8221;1_2,1_2&#8243; _builder_version=&#8221;4.16&#8243; background_size=&#8221;initial&#8221; background_position=&#8221;top_left&#8221; background_repeat=&#8221;repeat&#8221; width=&#8221;100%&#8221; custom_padding=&#8221;0px||||false|false&#8221; global_colors_info=&#8221;{}&#8221;][et_pb_column type=&#8221;1_2&#8243; _builder_version=&#8221;4.16&#8243; custom_padding=&#8221;|||&#8221; global_colors_info=&#8221;{}&#8221; custom_padding__hover=&#8221;|||&#8221;][et_pb_wc_images _builder_version=&#8221;4.16&#8243; global_colors_info=&#8221;{}&#8221;][\/et_pb_wc_images][\/et_pb_column][et_pb_column type=&#8221;1_2&#8243; _builder_version=&#8221;4.16&#8243; custom_padding=&#8221;|||&#8221; global_colors_info=&#8221;{}&#8221; custom_padding__hover=&#8221;|||&#8221;][et_pb_wc_title _builder_version=&#8221;4.16&#8243; global_colors_info=&#8221;{}&#8221;][\/et_pb_wc_title][et_pb_wc_rating _builder_version=&#8221;4.16&#8243; global_colors_info=&#8221;{}&#8221;][\/et_pb_wc_rating][et_pb_wc_price _builder_version=&#8221;4.25.1&#8243; global_colors_info=&#8221;{}&#8221;][\/et_pb_wc_price][et_pb_wc_description _builder_version=&#8221;4.16&#8243; global_colors_info=&#8221;{}&#8221;][\/et_pb_wc_description][et_pb_wc_add_to_cart _builder_version=&#8221;4.16&#8243; global_colors_info=&#8221;{}&#8221;][\/et_pb_wc_add_to_cart][et_pb_wc_meta _builder_version=&#8221;4.16&#8243; global_colors_info=&#8221;{}&#8221;][\/et_pb_wc_meta][\/et_pb_column][\/et_pb_row][et_pb_row _builder_version=&#8221;4.16&#8243; background_size=&#8221;initial&#8221; background_position=&#8221;top_left&#8221; background_repeat=&#8221;repeat&#8221; width=&#8221;100%&#8221; global_colors_info=&#8221;{}&#8221;][et_pb_column type=&#8221;4_4&#8243; _builder_version=&#8221;4.16&#8243; custom_padding=&#8221;|||&#8221; global_colors_info=&#8221;{}&#8221; custom_padding__hover=&#8221;|||&#8221;][et_pb_wc_tabs _builder_version=&#8221;4.16&#8243; global_colors_info=&#8221;{}&#8221;]\t\t\t\t\t[\/et_pb_wc_tabs][et_pb_wc_upsells _builder_version=&#8221;4.16&#8243; global_colors_info=&#8221;{}&#8221;][\/et_pb_wc_upsells][et_pb_wc_related_products _builder_version=&#8221;4.16&#8243; global_colors_info=&#8221;{}&#8221;][\/et_pb_wc_related_products][\/et_pb_column][\/et_pb_row][\/et_pb_section]<\/p>\n","protected":false},"excerpt":{"rendered":"<p>(PDV ura\u010dunat u cijenu)<\/p>\n<p>Form: liquid extract<br \/>\nBrand: Cheong Kwan Jang<br \/>\nUser age: - for adults<br \/>\nCharacteristics: ginsenosides Rg1 + Rb1 + Rg3 5.5 mg\/g<br \/>\nRecommended product use: vitality<\/p>","protected":false},"featured_media":670,"comment_status":"open","ping_status":"closed","template":"","meta":{"_et_pb_use_builder":"on","_et_pb_old_content":"<span style=\"font-weight: 400\">Ekstrakt korejskog crvenog ginsenga brenda <\/span><b>Cheong Kwan Jang<\/b><span style=\"font-weight: 400\">, koji je broj 1 u svijetu po navodima Euromonitora Internationala, jedne od vode\u0107ih agencija za istra\u017eivanje tr\u017ei\u0161ta, sadr\u017ei samo jedan sastojak - korejski crveni ginseng.<\/span>\r\n\r\n<span style=\"font-weight: 400\">\u010cisti, stopostotni ekstrakt dobiva se isklju\u010divo tradicionalnom\u00a0 ekstrakcijom vodom, kako bi se osigurao najve\u0107i mogu\u0107i sadr\u017eaj aktivnih tvari, izme\u0111u ostalog ginsenozida Rg1, Rb1 i Rg3, te postigla maksimalna u\u010dinkovitost.\u00a0<\/span>\r\n\r\n<span style=\"font-weight: 400\">Ovo je najkoncentriraniji i naj\u010di\u0161\u0107i oblik korejskog crvenog ginsenga (Panax Ginseng) vrhunske kvalitete, \u0161to je rezultat 125 godina posve\u0107enosti ovog brenda zdravoj prehrani, vitalnosti, ekologiji, a danas i skladnijem i sretnijem \u017eivotu u moderno doba.\u00a0<\/span>\r\n\r\n<span style=\"font-weight: 400\">Iskustvo i istra\u017eivanja pokazali su da je najbolje vrijeme za berbu korijena crvenog ginsenga nakon \u0161est godina jer tada sadr\u017ei maksimalnu koli\u010dinu ginsenozida. Nakon berbe slijedi prerada ginsenga procesom kuhanja na pari i su\u0161enje kako bi se dodatno pove\u0107ale dobrobiti biljke.\u00a0<\/span>\r\n\r\n<span style=\"font-weight: 400\">Cheong Kwan Jang od 1899. godine usavr\u0161ava proizvodnju ekstrakta crvenog ginsenga, koji se prodaje u vi\u0161e od 40 zemalja svijeta.<\/span>\r\n\r\n<span style=\"font-weight: 400\">\u201e<\/span><i><span style=\"font-weight: 400\">Prvi sam put ovaj kvalitetni ginseng prona\u0161ao kada sam posjetio Ju\u017enu Koreju. Turisti\u010dki vodi\u010d, koji ga i sam uzima, rekao je da je najbolje kvalitete, 100 % ekstrakt. Malo je gorkog okusa, ali se navikne\u0161<\/span><\/i><span style=\"font-weight: 400\">\u201c, navodi jedan korisnik.\u00a0<\/span>\r\n\r\n<span style=\"font-weight: 400\">\u201e<\/span><i><span style=\"font-weight: 400\">Moji korejski prijatelji ka\u017eu mi da je ovo najkvalitetniji crveni ginseng koji je dostupan<\/span><\/i><span style=\"font-weight: 400\">\u201c, komentar je uz kupnju u web trgovini.<\/span>\r\n\r\n<span style=\"font-weight: 400\">***<\/span>\r\n\r\n<span style=\"font-weight: 400\">Brend: \u200eCheong Kwan Jang<\/span>\r\n\r\n<span style=\"font-weight: 400\">Zemlja porijekla: Ju\u017ena Koreja<\/span>\r\n\r\n<span style=\"font-weight: 400\">Pakiranje sadr\u017ei: 120 grama 100-postotnog teku\u0107eg ekstrakta \u0161est godina starog crvenog korejskog ginsenga u teku\u0107em obliku.<\/span>\r\n\r\n<span style=\"font-weight: 400\">Okus: karakteristi\u010dan za ginseng.\u00a0<\/span>\r\n\r\n<span style=\"font-weight: 400\">Preporu\u010dena doza: 1 gram ekstrakta, 1 do 3 puta dnevno.\u00a0<\/span>\r\n\r\n<span style=\"font-weight: 400\">(Uz proizvod je prilo\u017eena \u017eli\u010dica pomo\u0107u koje se jednostavno mo\u017ee odrediti \u017eeljena koli\u010dina ginsenga. Proizvod se mo\u017ee po \u017eelji razrijediti u toploj vodi. Mo\u017ee se uzimati \u010dist, dok ga neki korisnici vole zasladiti medom).\u00a0<\/span>\r\n\r\n<span style=\"font-weight: 400\">Nakon otvaranja \u010duvati u hladnjaku (0\u00b0C - 10\u00b0C).<\/span>\r\n\r\n<span style=\"font-weight: 400\">Proizvedeno u skladu s na\u010delima sustava HACCP. Proizvod je veganski. Ima kosher i halal certifikate.<\/span>\r\n<div><i>Ako ste trudni, dojite ili uzimate lijekove, posavjetujte se s lije\u010dnikom prije upotrebe ovog proizvoda.\r\nIzbjegavajte dr\u017eati proizvod na izravnoj sun\u010devoj svjetlosti; proizvod \u010duvajte na hladnom i suhom mjestu.\r\nDodaci prehrani ne smiju se koristiti kao zamjena za raznoliku prehranu.\r\n\u010cuvati izvan dohvata djece.<\/i><\/div>\r\n#ginseng #panaxginseng #korijenginsenga #crveniginseng #ekstraktginsenga #korejskiginseng #veganski #vegan","_et_gb_content_width":"","_monsterinsights_skip_tracking":false,"_monsterinsights_sitenote_active":false,"_monsterinsights_sitenote_note":"","_monsterinsights_sitenote_category":0,"jetpack_post_was_ever_published":false},"product_brand":[],"product_cat":[33],"product_tag":[31],"class_list":{"0":"post-669","1":"product","2":"type-product","3":"status-publish","4":"has-post-thumbnail","6":"product_cat-ginseng-ekstrakt","7":"product_tag-ginseng","9":"first","10":"instock","11":"shipping-taxable","12":"purchasable","13":"product-type-simple"},"yoast_head":"<!-- This site is optimized with the Yoast SEO plugin v27.3 - https:\/\/yoast.com\/product\/yoast-seo-wordpress\/ -->\n<title>Ekstrakt crvenoga korejskoga ginsenga - Korejski ginseng - #1 Korejski crveni ginseng | CheongKwanJang | KGC<\/title>\n<meta name=\"description\" content=\"Ekstrakt korijena korejskog ginsenga vrhunske kvalitete,, najprodavaniji brend crvenog ginsenga u svijetu, azijski ginseng, panax ginseng, ginseng tonik,\" \/>\n<meta name=\"robots\" content=\"index, follow, max-snippet:-1, max-image-preview:large, max-video-preview:-1\" \/>\n<link rel=\"canonical\" href=\"https:\/\/ginseng.com.hr\/en\/product\/ekstrakt-crvenog-korejskog-ginsenga\/\" \/>\n<meta property=\"og:locale\" content=\"en_US\" \/>\n<meta property=\"og:type\" content=\"article\" \/>\n<meta property=\"og:title\" content=\"Ekstrakt crvenoga korejskoga ginsenga - Korejski ginseng - #1 Korejski crveni ginseng | CheongKwanJang | KGC\" \/>\n<meta property=\"og:description\" content=\"Ekstrakt korijena korejskog ginsenga vrhunske kvalitete,, najprodavaniji brend crvenog ginsenga u svijetu, azijski ginseng, panax ginseng, ginseng tonik,\" \/>\n<meta property=\"og:url\" content=\"https:\/\/ginseng.com.hr\/en\/product\/ekstrakt-crvenog-korejskog-ginsenga\/\" \/>\n<meta property=\"og:site_name\" content=\"Korejski ginseng - #1 Korejski crveni ginseng | CheongKwanJang | KGC\" \/>\n<meta property=\"article:modified_time\" content=\"2026-02-07T16:05:57+00:00\" \/>\n<meta property=\"og:image\" content=\"https:\/\/ginseng.com.hr\/wp-content\/uploads\/2023\/12\/KCG120_Ginseng_Ekstrakt.webp\" \/>\n\t<meta property=\"og:image:width\" content=\"1500\" \/>\n\t<meta property=\"og:image:height\" content=\"1242\" \/>\n\t<meta property=\"og:image:type\" content=\"image\/webp\" \/>\n<meta name=\"twitter:card\" content=\"summary_large_image\" \/>\n<meta name=\"twitter:label1\" content=\"Est. reading time\" \/>\n\t<meta name=\"twitter:data1\" content=\"2 minutes\" \/>\n<script type=\"application\/ld+json\" class=\"yoast-schema-graph\">{\"@context\":\"https:\\\/\\\/schema.org\",\"@graph\":[{\"@type\":\"WebPage\",\"@id\":\"https:\\\/\\\/ginseng.com.hr\\\/proizvod\\\/ekstrakt-crvenog-korejskog-ginsenga\\\/\",\"url\":\"https:\\\/\\\/ginseng.com.hr\\\/proizvod\\\/ekstrakt-crvenog-korejskog-ginsenga\\\/\",\"name\":\"Ekstrakt crvenoga korejskoga ginsenga - Korejski ginseng - #1 Korejski crveni ginseng | CheongKwanJang | KGC\",\"isPartOf\":{\"@id\":\"https:\\\/\\\/ginseng.com.hr\\\/#website\"},\"primaryImageOfPage\":{\"@id\":\"https:\\\/\\\/ginseng.com.hr\\\/proizvod\\\/ekstrakt-crvenog-korejskog-ginsenga\\\/#primaryimage\"},\"image\":{\"@id\":\"https:\\\/\\\/ginseng.com.hr\\\/proizvod\\\/ekstrakt-crvenog-korejskog-ginsenga\\\/#primaryimage\"},\"thumbnailUrl\":\"https:\\\/\\\/i0.wp.com\\\/ginseng.com.hr\\\/wp-content\\\/uploads\\\/2023\\\/12\\\/KCG120_Ginseng_Ekstrakt.webp?fit=1500%2C1242&ssl=1\",\"datePublished\":\"2023-12-07T10:55:58+00:00\",\"dateModified\":\"2026-02-07T16:05:57+00:00\",\"description\":\"Ekstrakt korijena korejskog ginsenga vrhunske kvalitete,, najprodavaniji brend crvenog ginsenga u svijetu, azijski ginseng, panax ginseng, ginseng tonik,\",\"breadcrumb\":{\"@id\":\"https:\\\/\\\/ginseng.com.hr\\\/proizvod\\\/ekstrakt-crvenog-korejskog-ginsenga\\\/#breadcrumb\"},\"inLanguage\":\"en-US\",\"potentialAction\":[{\"@type\":\"ReadAction\",\"target\":[\"https:\\\/\\\/ginseng.com.hr\\\/proizvod\\\/ekstrakt-crvenog-korejskog-ginsenga\\\/\"]}]},{\"@type\":\"ImageObject\",\"inLanguage\":\"en-US\",\"@id\":\"https:\\\/\\\/ginseng.com.hr\\\/proizvod\\\/ekstrakt-crvenog-korejskog-ginsenga\\\/#primaryimage\",\"url\":\"https:\\\/\\\/i0.wp.com\\\/ginseng.com.hr\\\/wp-content\\\/uploads\\\/2023\\\/12\\\/KCG120_Ginseng_Ekstrakt.webp?fit=1500%2C1242&ssl=1\",\"contentUrl\":\"https:\\\/\\\/i0.wp.com\\\/ginseng.com.hr\\\/wp-content\\\/uploads\\\/2023\\\/12\\\/KCG120_Ginseng_Ekstrakt.webp?fit=1500%2C1242&ssl=1\",\"width\":1500,\"height\":1242,\"caption\":\"Ekstrakt crvenog korejskog ginsenga 120g\"},{\"@type\":\"BreadcrumbList\",\"@id\":\"https:\\\/\\\/ginseng.com.hr\\\/proizvod\\\/ekstrakt-crvenog-korejskog-ginsenga\\\/#breadcrumb\",\"itemListElement\":[{\"@type\":\"ListItem\",\"position\":1,\"name\":\"Po\u010detna stranica\",\"item\":\"https:\\\/\\\/ginseng.com.hr\\\/\"},{\"@type\":\"ListItem\",\"position\":2,\"name\":\"Trgovina\",\"item\":\"https:\\\/\\\/ginseng.com.hr\\\/trgovina\\\/\"},{\"@type\":\"ListItem\",\"position\":3,\"name\":\"Ekstrakt crvenoga korejskoga ginsenga\"}]},{\"@type\":\"WebSite\",\"@id\":\"https:\\\/\\\/ginseng.com.hr\\\/#website\",\"url\":\"https:\\\/\\\/ginseng.com.hr\\\/\",\"name\":\"Panax Ginseng - Crveni korejski ginseng\",\"description\":\"Cheong Kwan Jang tvrtke Korea Ginseng Corporationje svjetski broj 1 brand ginsenga. Korejski crveni ginseng najbolje kvalitete od 1899.  Ekstrakt ginsenga koji vole milijuni kupaca diljem svijeta\",\"potentialAction\":[{\"@type\":\"SearchAction\",\"target\":{\"@type\":\"EntryPoint\",\"urlTemplate\":\"https:\\\/\\\/ginseng.com.hr\\\/?s={search_term_string}\"},\"query-input\":{\"@type\":\"PropertyValueSpecification\",\"valueRequired\":true,\"valueName\":\"search_term_string\"}}],\"inLanguage\":\"en-US\"}]}<\/script>\n<!-- \/ Yoast SEO plugin. -->","yoast_head_json":{"title":"Ekstrakt crvenoga korejskoga ginsenga - Korejski ginseng - #1 Korejski crveni ginseng | CheongKwanJang | KGC","description":"Ekstrakt korijena korejskog ginsenga vrhunske kvalitete,, najprodavaniji brend crvenog ginsenga u svijetu, azijski ginseng, panax ginseng, ginseng tonik,","robots":{"index":"index","follow":"follow","max-snippet":"max-snippet:-1","max-image-preview":"max-image-preview:large","max-video-preview":"max-video-preview:-1"},"canonical":"https:\/\/ginseng.com.hr\/en\/product\/ekstrakt-crvenog-korejskog-ginsenga\/","og_locale":"en_US","og_type":"article","og_title":"Ekstrakt crvenoga korejskoga ginsenga - Korejski ginseng - #1 Korejski crveni ginseng | CheongKwanJang | KGC","og_description":"Ekstrakt korijena korejskog ginsenga vrhunske kvalitete,, najprodavaniji brend crvenog ginsenga u svijetu, azijski ginseng, panax ginseng, ginseng tonik,","og_url":"https:\/\/ginseng.com.hr\/en\/product\/ekstrakt-crvenog-korejskog-ginsenga\/","og_site_name":"Korejski ginseng - #1 Korejski crveni ginseng | CheongKwanJang | KGC","article_modified_time":"2026-02-07T16:05:57+00:00","og_image":[{"width":1500,"height":1242,"url":"https:\/\/ginseng.com.hr\/wp-content\/uploads\/2023\/12\/KCG120_Ginseng_Ekstrakt.webp","type":"image\/webp"}],"twitter_card":"summary_large_image","twitter_misc":{"Est. reading time":"2 minutes"},"schema":{"@context":"https:\/\/schema.org","@graph":[{"@type":"WebPage","@id":"https:\/\/ginseng.com.hr\/proizvod\/ekstrakt-crvenog-korejskog-ginsenga\/","url":"https:\/\/ginseng.com.hr\/proizvod\/ekstrakt-crvenog-korejskog-ginsenga\/","name":"Ekstrakt crvenoga korejskoga ginsenga - Korejski ginseng - #1 Korejski crveni ginseng | CheongKwanJang | KGC","isPartOf":{"@id":"https:\/\/ginseng.com.hr\/#website"},"primaryImageOfPage":{"@id":"https:\/\/ginseng.com.hr\/proizvod\/ekstrakt-crvenog-korejskog-ginsenga\/#primaryimage"},"image":{"@id":"https:\/\/ginseng.com.hr\/proizvod\/ekstrakt-crvenog-korejskog-ginsenga\/#primaryimage"},"thumbnailUrl":"https:\/\/i0.wp.com\/ginseng.com.hr\/wp-content\/uploads\/2023\/12\/KCG120_Ginseng_Ekstrakt.webp?fit=1500%2C1242&ssl=1","datePublished":"2023-12-07T10:55:58+00:00","dateModified":"2026-02-07T16:05:57+00:00","description":"Ekstrakt korijena korejskog ginsenga vrhunske kvalitete,, najprodavaniji brend crvenog ginsenga u svijetu, azijski ginseng, panax ginseng, ginseng tonik,","breadcrumb":{"@id":"https:\/\/ginseng.com.hr\/proizvod\/ekstrakt-crvenog-korejskog-ginsenga\/#breadcrumb"},"inLanguage":"en-US","potentialAction":[{"@type":"ReadAction","target":["https:\/\/ginseng.com.hr\/proizvod\/ekstrakt-crvenog-korejskog-ginsenga\/"]}]},{"@type":"ImageObject","inLanguage":"en-US","@id":"https:\/\/ginseng.com.hr\/proizvod\/ekstrakt-crvenog-korejskog-ginsenga\/#primaryimage","url":"https:\/\/i0.wp.com\/ginseng.com.hr\/wp-content\/uploads\/2023\/12\/KCG120_Ginseng_Ekstrakt.webp?fit=1500%2C1242&ssl=1","contentUrl":"https:\/\/i0.wp.com\/ginseng.com.hr\/wp-content\/uploads\/2023\/12\/KCG120_Ginseng_Ekstrakt.webp?fit=1500%2C1242&ssl=1","width":1500,"height":1242,"caption":"Ekstrakt crvenog korejskog ginsenga 120g"},{"@type":"BreadcrumbList","@id":"https:\/\/ginseng.com.hr\/proizvod\/ekstrakt-crvenog-korejskog-ginsenga\/#breadcrumb","itemListElement":[{"@type":"ListItem","position":1,"name":"Po\u010detna stranica","item":"https:\/\/ginseng.com.hr\/"},{"@type":"ListItem","position":2,"name":"Trgovina","item":"https:\/\/ginseng.com.hr\/trgovina\/"},{"@type":"ListItem","position":3,"name":"Ekstrakt crvenoga korejskoga ginsenga"}]},{"@type":"WebSite","@id":"https:\/\/ginseng.com.hr\/#website","url":"https:\/\/ginseng.com.hr\/","name":"Panax Ginseng - Crveni korejski ginseng","description":"Cheong Kwan Jang tvrtke Korea Ginseng Corporationje svjetski broj 1 brand ginsenga. Korejski crveni ginseng najbolje kvalitete od 1899.  Ekstrakt ginsenga koji vole milijuni kupaca diljem svijeta","potentialAction":[{"@type":"SearchAction","target":{"@type":"EntryPoint","urlTemplate":"https:\/\/ginseng.com.hr\/?s={search_term_string}"},"query-input":{"@type":"PropertyValueSpecification","valueRequired":true,"valueName":"search_term_string"}}],"inLanguage":"en-US"}]}},"jetpack_sharing_enabled":true,"jetpack_likes_enabled":false,"jetpack-related-posts":[],"_links":{"self":[{"href":"https:\/\/ginseng.com.hr\/en\/wp-json\/wp\/v2\/product\/669","targetHints":{"allow":["GET"]}}],"collection":[{"href":"https:\/\/ginseng.com.hr\/en\/wp-json\/wp\/v2\/product"}],"about":[{"href":"https:\/\/ginseng.com.hr\/en\/wp-json\/wp\/v2\/types\/product"}],"replies":[{"embeddable":true,"href":"https:\/\/ginseng.com.hr\/en\/wp-json\/wp\/v2\/comments?post=669"}],"wp:featuredmedia":[{"embeddable":true,"href":"https:\/\/ginseng.com.hr\/en\/wp-json\/wp\/v2\/media\/670"}],"wp:attachment":[{"href":"https:\/\/ginseng.com.hr\/en\/wp-json\/wp\/v2\/media?parent=669"}],"wp:term":[{"taxonomy":"product_brand","embeddable":true,"href":"https:\/\/ginseng.com.hr\/en\/wp-json\/wp\/v2\/product_brand?post=669"},{"taxonomy":"product_cat","embeddable":true,"href":"https:\/\/ginseng.com.hr\/en\/wp-json\/wp\/v2\/product_cat?post=669"},{"taxonomy":"product_tag","embeddable":true,"href":"https:\/\/ginseng.com.hr\/en\/wp-json\/wp\/v2\/product_tag?post=669"}],"curies":[{"name":"wp","href":"https:\/\/api.w.org\/{rel}","templated":true}]}}