{"id":533,"date":"2019-05-01T21:24:52","date_gmt":"2019-05-01T19:24:52","guid":{"rendered":"https:\/\/ginseng.com.hr\/?page_id=533"},"modified":"2024-06-11T00:30:44","modified_gmt":"2024-06-10T22:30:44","slug":"gdje-kupiti-ginseng","status":"publish","type":"page","link":"https:\/\/ginseng.com.hr\/en\/gdje-kupiti-ginseng\/","title":{"rendered":"Gdje kupiti"},"content":{"rendered":"<p>[et_pb_section fb_built=&#8221;1&#8243; fullwidth=&#8221;on&#8221; _builder_version=&#8221;4.16&#8243; global_colors_info=&#8221;{}&#8221;][\/et_pb_section][et_pb_section fb_built=&#8221;1&#8243; _builder_version=&#8221;4.16&#8243; global_colors_info=&#8221;{}&#8221;][et_pb_row _builder_version=&#8221;4.16&#8243; global_colors_info=&#8221;{}&#8221;][et_pb_column type=&#8221;4_4&#8243; _builder_version=&#8221;4.16&#8243; global_colors_info=&#8221;{}&#8221;][et_pb_text _builder_version=&#8221;4.16&#8243; global_colors_info=&#8221;{}&#8221;]<\/p>\n<h3>Gdje kupiti ekstrakt crvenog korejskog ginsenga?<\/h3>\n<p>&nbsp;<\/p>\n<h4>Rijeka<\/h4>\n<ul>\n<li>Galena\u00a0 &#8211;\u00a0\u00a0Ul. Matije Gupca 12,\u00a0 Rijeka &#8211;\u00a0051 213 887\n<\/li>\n<li>Botanika\u00a0 &#8211;\u00a0Kre\u0161imirova ul. 36A,\u00a0 Rijeka &#8211;\u00a0051 332 220<\/li>\n<\/ul>\n<h4><\/h4>\n<h4><\/h4>\n<h4>Split<\/h4>\n<ul>\n<li><span style=\"font-size: 17px;\">Zdravi Bili\u00a0 &#8211;\u00a0\u00a0<\/span><span style=\"font-size: 17px;\">Radunica 3, Split &#8211; 021 482 761 &#8211;\u00a0<\/span><a style=\"font-size: 17px;\" href=\"http:\/\/zdravibili.hr\/\">zdravibili.hr<\/a><\/li>\n<\/ul>\n<h4 style=\"background-color: #ffffff;\"><\/h4>\n<h4 style=\"background-color: #ffffff;\"><\/h4>\n<h4 style=\"background-color: #ffffff;\"><span style=\"font-size: 25px;\">Zagreb<\/span><\/h4>\n<ul style=\"font-size: 17px; background-color: #ffffff;\">\n<li style=\"font-size: 17px;\">Lavanda Mia\u00a0 &#8211; Petrinjska ul. 6, Zagreb &#8211;\u00a0 01 4855 400 &#8211;\u00a0<a style=\"font-size: 17px;\" href=\"https:\/\/lavandamia.hr\/\">lavandamia.hr<\/a><\/li>\n<\/ul>\n<ul style=\"font-size: 17px; background-color: #ffffff;\">\n<li style=\"font-size: 17px;\">Bio Terra\u00a0 &#8211;\u00a0 Vla\u0161ka ul. 7, Zagreb &#8211; 0<span style=\"font-size: 17px;\">1 4840 645 &#8211;\u00a0<a style=\"font-size: 17px;\" href=\"https:\/\/bioterra.hr\/\">bioterra.hr<\/a><\/span><\/li>\n<\/ul>\n<ul style=\"font-size: 17px; background-color: #ffffff;\">\n<li style=\"font-size: 17px;\">Mal\u010di Viola\u00a0 &#8211;\u00a0\u00a0Lopatine\u010dka ul. 8, Zagreb &#8211;\u00a0<span style=\"font-size: 17px;\">01 5530 473 &#8211;<\/span>\u00a0<a style=\"font-size: 17px;\" href=\"http:\/\/shop.naturala.hr\/\">shop.naturala.hr<\/a><\/li>\n<\/ul>\n<p>[\/et_pb_text][\/et_pb_column][\/et_pb_row][\/et_pb_section][et_pb_section fb_built=&#8221;1&#8243; admin_label=&#8221;Subscription Section&#8221; _builder_version=&#8221;4.16&#8243; use_background_color_gradient=&#8221;on&#8221; background_color_gradient_stops=&#8221;rgba(99,99,99,0.6) 0%|rgba(0,0,0,0) 100%&#8221; background_color_gradient_overlays_image=&#8221;on&#8221; background_color_gradient_start=&#8221;rgba(99,99,99,0.6)&#8221; background_color_gradient_end=&#8221;rgba(0,0,0,0)&#8221; background_image=&#8221;https:\/\/ginseng.com.hr\/wp-content\/uploads\/2019\/04\/Ekstrakt-Ginsenga-Gold.jpg&#8221; background_position=&#8221;bottom_right&#8221; custom_padding=&#8221;120px||180px|&#8221; global_colors_info=&#8221;{}&#8221;][et_pb_row _builder_version=&#8221;4.16&#8243; locked=&#8221;off&#8221; global_colors_info=&#8221;{}&#8221;][et_pb_column type=&#8221;4_4&#8243; _builder_version=&#8221;4.16&#8243; custom_padding=&#8221;|||&#8221; global_colors_info=&#8221;{}&#8221; custom_padding__hover=&#8221;|||&#8221;][et_pb_text admin_label=&#8221;Title&#8221; _builder_version=&#8221;4.16&#8243; text_font=&#8221;||||||||&#8221; header_font=&#8221;||||||||&#8221; header_line_height=&#8221;1.2em&#8221; header_2_font=&#8221;||||||||&#8221; header_2_font_size=&#8221;60px&#8221; header_2_line_height=&#8221;1.3em&#8221; text_orientation=&#8221;center&#8221; background_layout=&#8221;dark&#8221; custom_margin=&#8221;||10px|&#8221; animation_style=&#8221;fade&#8221; animation_direction=&#8221;left&#8221; animation_starting_opacity=&#8221;100%&#8221; header_2_font_size_tablet=&#8221;40px&#8221; header_2_font_size_phone=&#8221;&#8221; header_2_font_size_last_edited=&#8221;on|tablet&#8221; global_colors_info=&#8221;{}&#8221;]<\/p>\n<h2>Teku\u0107e zlato<\/h2>\n<p>[\/et_pb_text][et_pb_text admin_label=&#8221;Subtitle&#8221; _builder_version=&#8221;4.16&#8243; text_font=&#8221;||||||||&#8221; text_font_size=&#8221;18px&#8221; text_line_height=&#8221;2.2em&#8221; header_font=&#8221;||||||||&#8221; header_2_font=&#8221;||||||||&#8221; text_orientation=&#8221;center&#8221; background_layout=&#8221;dark&#8221; max_width=&#8221;700px&#8221; module_alignment=&#8221;center&#8221; custom_padding=&#8221;29px||0px|||&#8221; animation_style=&#8221;fade&#8221; animation_direction=&#8221;left&#8221; animation_starting_opacity=&#8221;100%&#8221; global_colors_info=&#8221;{}&#8221;]Ekstrakt crvenoga ginsenga nosi oznaku zlatni jer se radi o najvi\u0161oj kvaliteti korejskog ginsenga. U pakiranju od 100 grama koje je dostatno za uporabu i do tri mjeseca nalazi se 100 % prirodni ekstrakt ginsenga dobiven parenjem \u0161est godina starog korijena. Sadr\u017ei najvi\u0161e aktivnih, djelotvornih tvari, takozvanih ginsenozida, od najmanje 13 miligrama po gramu ekstrakta do \u010dak 16,68 miligrama po gramu ekstrakta korejskog crvenoga ginsenga.<br \/>\n[\/et_pb_text][\/et_pb_column][\/et_pb_row][et_pb_row _builder_version=&#8221;4.16&#8243; locked=&#8221;off&#8221; global_colors_info=&#8221;{}&#8221;][et_pb_column type=&#8221;4_4&#8243; _builder_version=&#8221;4.16&#8243; custom_padding=&#8221;|||&#8221; global_colors_info=&#8221;{}&#8221; custom_padding__hover=&#8221;|||&#8221;][et_pb_button button_url=&#8221;https:\/\/ginseng.com.hr\/najmocniji-ekstrakt-korejskoga-ginsenga-na-europskom-trzistu\/&#8221; button_text=&#8221;Vi\u0161e o Panax Ginsengu&#8221; button_alignment=&#8221;center&#8221; _builder_version=&#8221;4.16&#8243; custom_button=&#8221;on&#8221; button_text_size=&#8221;14px&#8221; button_text_color=&#8221;#ffffff&#8221; button_bg_color=&#8221;#93b786&#8243; button_border_width=&#8221;12px&#8221; button_border_color=&#8221;#93b786&#8243; button_border_radius=&#8221;0px&#8221; button_letter_spacing=&#8221;4px&#8221; button_font=&#8221;Nunito Sans|700||on|||||&#8221; button_icon=&#8221;&#x24;||divi||400&#8243; background_layout=&#8221;dark&#8221; custom_margin=&#8221;|||&#8221; animation_style=&#8221;slide&#8221; animation_direction=&#8221;top&#8221; animation_intensity_slide=&#8221;3%&#8221; animation_starting_opacity=&#8221;100%&#8221; global_colors_info=&#8221;{}&#8221; button_text_size__hover_enabled=&#8221;off&#8221; button_one_text_size__hover_enabled=&#8221;off&#8221; button_two_text_size__hover_enabled=&#8221;off&#8221; button_text_color__hover_enabled=&#8221;off&#8221; button_one_text_color__hover_enabled=&#8221;off&#8221; button_two_text_color__hover_enabled=&#8221;off&#8221; button_border_width__hover_enabled=&#8221;off&#8221; button_one_border_width__hover_enabled=&#8221;off&#8221; button_two_border_width__hover_enabled=&#8221;off&#8221; button_border_color__hover_enabled=&#8221;off&#8221; button_one_border_color__hover_enabled=&#8221;off&#8221; button_two_border_color__hover_enabled=&#8221;off&#8221; button_border_radius__hover_enabled=&#8221;off&#8221; button_one_border_radius__hover_enabled=&#8221;off&#8221; button_two_border_radius__hover_enabled=&#8221;off&#8221; button_letter_spacing__hover_enabled=&#8221;off&#8221; button_one_letter_spacing__hover_enabled=&#8221;off&#8221; button_two_letter_spacing__hover_enabled=&#8221;off&#8221; button_bg_color__hover_enabled=&#8221;off&#8221; button_one_bg_color__hover_enabled=&#8221;off&#8221; button_two_bg_color__hover_enabled=&#8221;off&#8221;][\/et_pb_button][\/et_pb_column][\/et_pb_row][\/et_pb_section][et_pb_section fb_built=&#8221;1&#8243; admin_label=&#8221;Footer Section&#8221; _builder_version=&#8221;4.16&#8243; use_background_color_gradient=&#8221;on&#8221; background_color_gradient_stops=&#8221;#ffffff 0%|rgba(255,255,255,0.66) 100%&#8221; background_color_gradient_overlays_image=&#8221;on&#8221; background_color_gradient_start=&#8221;#ffffff&#8221; background_color_gradient_end=&#8221;rgba(255,255,255,0.66)&#8221; custom_padding=&#8221;120px|||&#8221; global_colors_info=&#8221;{}&#8221;][et_pb_row _builder_version=&#8221;4.16&#8243; global_colors_info=&#8221;{}&#8221;][et_pb_column type=&#8221;4_4&#8243; _builder_version=&#8221;4.16&#8243; custom_padding=&#8221;|||&#8221; global_colors_info=&#8221;{}&#8221; custom_padding__hover=&#8221;|||&#8221;][et_pb_signup mailchimp_list=&#8221;info@pine.hr|f1c104d75d&#8221; first_name_field=&#8221;off&#8221; last_name_field=&#8221;off&#8221; title=&#8221;Noviteti, promocije, vijesti&#8230;&#8221; button_text=&#8221;Pretplatite se na newsletter&#8221; _builder_version=&#8221;4.16&#8243; form_field_background_color=&#8221;rgba(0,0,0,0.12)&#8221; form_field_text_color=&#8221;#000000&#8243; header_font=&#8221;||||||||&#8221; header_text_align=&#8221;left&#8221; header_font_size=&#8221;60px&#8221; header_line_height=&#8221;1.3em&#8221; body_font=&#8221;||||||||&#8221; body_text_color=&#8221;#000000&#8243; body_font_size=&#8221;20px&#8221; body_line_height=&#8221;2.2em&#8221; form_field_font=&#8221;||||||||&#8221; form_field_text_align=&#8221;center&#8221; form_field_font_size=&#8221;16px&#8221; use_background_color=&#8221;off&#8221; custom_button=&#8221;on&#8221; button_text_size=&#8221;14px&#8221; button_text_color=&#8221;#ffffff&#8221; button_bg_color=&#8221;#93b786&#8243; button_border_width=&#8221;8px&#8221; button_border_color=&#8221;#93b786&#8243; button_border_radius=&#8221;0px&#8221; button_letter_spacing=&#8221;4px&#8221; button_font=&#8221;Nunito Sans|700||on|||||&#8221; button_icon=&#8221;&#x24;||divi||400&#8243; background_layout=&#8221;light&#8221; custom_padding=&#8221;||0px|||&#8221; header_font_size_tablet=&#8221;40px&#8221; header_font_size_phone=&#8221;&#8221; header_font_size_last_edited=&#8221;on|tablet&#8221; global_colors_info=&#8221;{}&#8221; button_text_size__hover_enabled=&#8221;off&#8221; button_one_text_size__hover_enabled=&#8221;off&#8221; button_two_text_size__hover_enabled=&#8221;off&#8221; button_text_color__hover_enabled=&#8221;off&#8221; button_one_text_color__hover_enabled=&#8221;off&#8221; button_two_text_color__hover_enabled=&#8221;off&#8221; button_border_width__hover_enabled=&#8221;off&#8221; button_one_border_width__hover_enabled=&#8221;off&#8221; button_two_border_width__hover_enabled=&#8221;off&#8221; button_border_color__hover_enabled=&#8221;off&#8221; button_one_border_color__hover_enabled=&#8221;off&#8221; button_two_border_color__hover_enabled=&#8221;off&#8221; button_border_radius__hover_enabled=&#8221;off&#8221; button_one_border_radius__hover_enabled=&#8221;off&#8221; button_two_border_radius__hover_enabled=&#8221;off&#8221; button_letter_spacing__hover_enabled=&#8221;off&#8221; button_one_letter_spacing__hover_enabled=&#8221;off&#8221; button_two_letter_spacing__hover_enabled=&#8221;off&#8221; button_bg_color__hover_enabled=&#8221;off&#8221; button_one_bg_color__hover_enabled=&#8221;off&#8221; button_two_bg_color__hover_enabled=&#8221;off&#8221;]Class aptent taciti sociosqu ad litora torquent per<br \/>\n[\/et_pb_signup][\/et_pb_column][\/et_pb_row][\/et_pb_section]<\/p>\n","protected":false},"excerpt":{"rendered":"<p>Gdje kupiti ekstrakt crvenog korejskog ginsenga? &nbsp; Rijeka Galena\u00a0 &#8211;\u00a0\u00a0Ul. Matije Gupca 12,\u00a0 Rijeka &#8211;\u00a0051 213 887 Botanika\u00a0 &#8211;\u00a0Kre\u0161imirova ul. 36A,\u00a0 Rijeka &#8211;\u00a0051 332 220 Split Zdravi Bili\u00a0 &#8211;\u00a0\u00a0Radunica 3, Split &#8211; 021 482 761 &#8211;\u00a0zdravibili.hr Zagreb Lavanda Mia\u00a0 &#8211; Petrinjska ul. 6, Zagreb &#8211;\u00a0 01 4855 400 &#8211;\u00a0lavandamia.hr Bio Terra\u00a0 &#8211;\u00a0 Vla\u0161ka ul. 7, [&hellip;]<\/p>\n","protected":false},"author":2,"featured_media":0,"parent":0,"menu_order":0,"comment_status":"closed","ping_status":"closed","template":"","meta":{"_et_pb_use_builder":"on","_et_pb_old_content":"","_et_gb_content_width":"","_monsterinsights_skip_tracking":false,"_monsterinsights_sitenote_active":false,"_monsterinsights_sitenote_note":"","_monsterinsights_sitenote_category":0,"jetpack_post_was_ever_published":false,"footnotes":""},"class_list":["post-533","page","type-page","status-publish","hentry"],"yoast_head":"<!-- This site is optimized with the Yoast SEO plugin v27.3 - https:\/\/yoast.com\/product\/yoast-seo-wordpress\/ -->\n<title>Gdje kupiti - Korejski ginseng - #1 Korejski crveni ginseng | CheongKwanJang | KGC<\/title>\n<meta name=\"description\" content=\"Gdje mo\u017eete kupiti ginseng, Rijeka, Zagreb, Split\" \/>\n<meta name=\"robots\" content=\"index, follow, max-snippet:-1, max-image-preview:large, max-video-preview:-1\" \/>\n<link rel=\"canonical\" href=\"https:\/\/ginseng.com.hr\/en\/gdje-kupiti-ginseng\/\" \/>\n<meta property=\"og:locale\" content=\"en_US\" \/>\n<meta property=\"og:type\" content=\"article\" \/>\n<meta property=\"og:title\" content=\"Gdje kupiti - Korejski ginseng - #1 Korejski crveni ginseng | CheongKwanJang | KGC\" \/>\n<meta property=\"og:description\" content=\"Gdje mo\u017eete kupiti ginseng, Rijeka, Zagreb, Split\" \/>\n<meta property=\"og:url\" content=\"https:\/\/ginseng.com.hr\/en\/gdje-kupiti-ginseng\/\" \/>\n<meta property=\"og:site_name\" content=\"Korejski ginseng - #1 Korejski crveni ginseng | CheongKwanJang | KGC\" \/>\n<meta property=\"article:modified_time\" content=\"2024-06-10T22:30:44+00:00\" \/>\n<meta name=\"twitter:card\" content=\"summary_large_image\" \/>\n<meta name=\"twitter:label1\" content=\"Est. reading time\" \/>\n\t<meta name=\"twitter:data1\" content=\"2 minutes\" \/>\n<script type=\"application\/ld+json\" class=\"yoast-schema-graph\">{\"@context\":\"https:\\\/\\\/schema.org\",\"@graph\":[{\"@type\":\"WebPage\",\"@id\":\"https:\\\/\\\/ginseng.com.hr\\\/gdje-kupiti-ginseng\\\/\",\"url\":\"https:\\\/\\\/ginseng.com.hr\\\/gdje-kupiti-ginseng\\\/\",\"name\":\"Gdje kupiti - Korejski ginseng - #1 Korejski crveni ginseng | CheongKwanJang | KGC\",\"isPartOf\":{\"@id\":\"https:\\\/\\\/ginseng.com.hr\\\/#website\"},\"datePublished\":\"2019-05-01T19:24:52+00:00\",\"dateModified\":\"2024-06-10T22:30:44+00:00\",\"description\":\"Gdje mo\u017eete kupiti ginseng, Rijeka, Zagreb, Split\",\"breadcrumb\":{\"@id\":\"https:\\\/\\\/ginseng.com.hr\\\/gdje-kupiti-ginseng\\\/#breadcrumb\"},\"inLanguage\":\"en-US\",\"potentialAction\":[{\"@type\":\"ReadAction\",\"target\":[\"https:\\\/\\\/ginseng.com.hr\\\/gdje-kupiti-ginseng\\\/\"]}]},{\"@type\":\"BreadcrumbList\",\"@id\":\"https:\\\/\\\/ginseng.com.hr\\\/gdje-kupiti-ginseng\\\/#breadcrumb\",\"itemListElement\":[{\"@type\":\"ListItem\",\"position\":1,\"name\":\"Po\u010detna stranica\",\"item\":\"https:\\\/\\\/ginseng.com.hr\\\/\"},{\"@type\":\"ListItem\",\"position\":2,\"name\":\"Gdje kupiti\"}]},{\"@type\":\"WebSite\",\"@id\":\"https:\\\/\\\/ginseng.com.hr\\\/#website\",\"url\":\"https:\\\/\\\/ginseng.com.hr\\\/\",\"name\":\"Panax Ginseng - Crveni korejski ginseng\",\"description\":\"Cheong Kwan Jang tvrtke Korea Ginseng Corporationje svjetski broj 1 brand ginsenga. Korejski crveni ginseng najbolje kvalitete od 1899.  Ekstrakt ginsenga koji vole milijuni kupaca diljem svijeta\",\"potentialAction\":[{\"@type\":\"SearchAction\",\"target\":{\"@type\":\"EntryPoint\",\"urlTemplate\":\"https:\\\/\\\/ginseng.com.hr\\\/?s={search_term_string}\"},\"query-input\":{\"@type\":\"PropertyValueSpecification\",\"valueRequired\":true,\"valueName\":\"search_term_string\"}}],\"inLanguage\":\"en-US\"}]}<\/script>\n<!-- \/ Yoast SEO plugin. -->","yoast_head_json":{"title":"Gdje kupiti - Korejski ginseng - #1 Korejski crveni ginseng | CheongKwanJang | KGC","description":"Gdje mo\u017eete kupiti ginseng, Rijeka, Zagreb, Split","robots":{"index":"index","follow":"follow","max-snippet":"max-snippet:-1","max-image-preview":"max-image-preview:large","max-video-preview":"max-video-preview:-1"},"canonical":"https:\/\/ginseng.com.hr\/en\/gdje-kupiti-ginseng\/","og_locale":"en_US","og_type":"article","og_title":"Gdje kupiti - Korejski ginseng - #1 Korejski crveni ginseng | CheongKwanJang | KGC","og_description":"Gdje mo\u017eete kupiti ginseng, Rijeka, Zagreb, Split","og_url":"https:\/\/ginseng.com.hr\/en\/gdje-kupiti-ginseng\/","og_site_name":"Korejski ginseng - #1 Korejski crveni ginseng | CheongKwanJang | KGC","article_modified_time":"2024-06-10T22:30:44+00:00","twitter_card":"summary_large_image","twitter_misc":{"Est. reading time":"2 minutes"},"schema":{"@context":"https:\/\/schema.org","@graph":[{"@type":"WebPage","@id":"https:\/\/ginseng.com.hr\/gdje-kupiti-ginseng\/","url":"https:\/\/ginseng.com.hr\/gdje-kupiti-ginseng\/","name":"Gdje kupiti - Korejski ginseng - #1 Korejski crveni ginseng | CheongKwanJang | KGC","isPartOf":{"@id":"https:\/\/ginseng.com.hr\/#website"},"datePublished":"2019-05-01T19:24:52+00:00","dateModified":"2024-06-10T22:30:44+00:00","description":"Gdje mo\u017eete kupiti ginseng, Rijeka, Zagreb, Split","breadcrumb":{"@id":"https:\/\/ginseng.com.hr\/gdje-kupiti-ginseng\/#breadcrumb"},"inLanguage":"en-US","potentialAction":[{"@type":"ReadAction","target":["https:\/\/ginseng.com.hr\/gdje-kupiti-ginseng\/"]}]},{"@type":"BreadcrumbList","@id":"https:\/\/ginseng.com.hr\/gdje-kupiti-ginseng\/#breadcrumb","itemListElement":[{"@type":"ListItem","position":1,"name":"Po\u010detna stranica","item":"https:\/\/ginseng.com.hr\/"},{"@type":"ListItem","position":2,"name":"Gdje kupiti"}]},{"@type":"WebSite","@id":"https:\/\/ginseng.com.hr\/#website","url":"https:\/\/ginseng.com.hr\/","name":"Panax Ginseng - Crveni korejski ginseng","description":"Cheong Kwan Jang tvrtke Korea Ginseng Corporationje svjetski broj 1 brand ginsenga. Korejski crveni ginseng najbolje kvalitete od 1899.  Ekstrakt ginsenga koji vole milijuni kupaca diljem svijeta","potentialAction":[{"@type":"SearchAction","target":{"@type":"EntryPoint","urlTemplate":"https:\/\/ginseng.com.hr\/?s={search_term_string}"},"query-input":{"@type":"PropertyValueSpecification","valueRequired":true,"valueName":"search_term_string"}}],"inLanguage":"en-US"}]}},"jetpack_sharing_enabled":true,"jetpack_shortlink":"https:\/\/wp.me\/PawOo2-8B","jetpack_likes_enabled":true,"jetpack-related-posts":[{"id":665,"url":"https:\/\/ginseng.com.hr\/en\/placanje\/","url_meta":{"origin":533,"position":0},"title":"Blagajna","author":"micamaca","date":"7. December 2023.","format":false,"excerpt":"","rel":"","context":"Similar post","block_context":{"text":"Similar post","link":""},"img":{"alt_text":"","src":"","width":0,"height":0},"classes":[]},{"id":664,"url":"https:\/\/ginseng.com.hr\/en\/kosarica\/","url_meta":{"origin":533,"position":1},"title":"Ko\u0161arica","author":"micamaca","date":"7. December 2023.","format":false,"excerpt":"","rel":"","context":"Similar post","block_context":{"text":"Similar post","link":""},"img":{"alt_text":"","src":"","width":0,"height":0},"classes":[]},{"id":2,"url":"https:\/\/ginseng.com.hr\/en\/kontakt-2\/","url_meta":{"origin":533,"position":2},"title":"Contact","author":"micamaca","date":"11. December 2018.","format":false,"excerpt":"","rel":"","context":"Similar post","block_context":{"text":"Similar post","link":""},"img":{"alt_text":"","src":"","width":0,"height":0},"classes":[]}],"_links":{"self":[{"href":"https:\/\/ginseng.com.hr\/en\/wp-json\/wp\/v2\/pages\/533","targetHints":{"allow":["GET"]}}],"collection":[{"href":"https:\/\/ginseng.com.hr\/en\/wp-json\/wp\/v2\/pages"}],"about":[{"href":"https:\/\/ginseng.com.hr\/en\/wp-json\/wp\/v2\/types\/page"}],"author":[{"embeddable":true,"href":"https:\/\/ginseng.com.hr\/en\/wp-json\/wp\/v2\/users\/2"}],"replies":[{"embeddable":true,"href":"https:\/\/ginseng.com.hr\/en\/wp-json\/wp\/v2\/comments?post=533"}],"version-history":[{"count":8,"href":"https:\/\/ginseng.com.hr\/en\/wp-json\/wp\/v2\/pages\/533\/revisions"}],"predecessor-version":[{"id":1018,"href":"https:\/\/ginseng.com.hr\/en\/wp-json\/wp\/v2\/pages\/533\/revisions\/1018"}],"wp:attachment":[{"href":"https:\/\/ginseng.com.hr\/en\/wp-json\/wp\/v2\/media?parent=533"}],"curies":[{"name":"wp","href":"https:\/\/api.w.org\/{rel}","templated":true}]}}